{"id":152,"date":"2022-04-22T07:42:04","date_gmt":"2022-04-22T07:42:04","guid":{"rendered":"http:\/\/www.kamacilar.com\/?page_id=152"},"modified":"2022-04-27T07:28:45","modified_gmt":"2022-04-27T07:28:45","slug":"plise-sineklik","status":"publish","type":"page","link":"http:\/\/kamacilar.com\/index.php\/plise-sineklik\/","title":{"rendered":""},"content":{"rendered":"<div id=\"pl-152\"  class=\"panel-layout\" ><div id=\"pg-152-0\"  class=\"panel-grid panel-has-style\" ><div style=\"padding: 0px 0; \" class=\"panel-row-style panel-row-style-for-152-0\" ><div id=\"pgc-152-0-0\"  class=\"panel-grid-cell\" ><div id=\"panel-152-0-0-0\" class=\"so-panel widget widget_text panel-first-child panel-last-child\" data-index=\"0\" >\t\t\t<div class=\"textwidget\"><h3><b><span style=\"color: #ff9900;\">Gold<\/span> Seri<\/b><\/h3>\n<hr>\n<\/div>\n\t\t<\/div><\/div><\/div><\/div><div id=\"pg-152-1\"  class=\"panel-grid panel-has-style\" ><div style=\"padding: 0px 0; \" class=\"panel-row-style panel-row-style-for-152-1\" ><div id=\"pgc-152-1-0\"  class=\"panel-grid-cell\" ><div id=\"panel-152-1-0-0\" class=\"so-panel widget widget_text panel-first-child panel-last-child\" data-index=\"1\" >\t\t\t<div class=\"textwidget\"><p>\u00d6zellikle <strong>kap\u0131lar<\/strong> i\u00e7in \u00e7ok tercih edilen bir seridir, t\u00fcl a\u011f\u0131 bir tarafta veya her iki tarafta <strong>kasa i\u00e7erisine katlan\u0131r<\/strong>. Pileli kaset, al\u00fcminyum kasa profili ile kap\u0131 veya pencere pervaz\u0131na, k\u00f6\u015fe takozlar\u0131nda yer alan montaj deliklerinden vida yard\u0131m\u0131yla <strong>do\u011frudan ve kolayca<\/strong> sabitlenir.<a href=\"http:\/\/kamacilar.com\/index.php\/pileli-sineklik-gold-seri\/\">Devam\u0131&#8230;<\/a><\/p>\n<\/div>\n\t\t<\/div><\/div><div id=\"pgc-152-1-1\"  class=\"panel-grid-cell\" ><div id=\"panel-152-1-1-0\" class=\"so-panel widget widget_media_image panel-first-child panel-last-child\" data-index=\"2\" ><img loading=\"lazy\" decoding=\"async\" width=\"362\" height=\"200\" src=\"https:\/\/i0.wp.com\/kamacilar.com\/wp-content\/uploads\/2022\/04\/95204-prosin-gold-sistem.webp?fit=362%2C200\" class=\"image wp-image-153  attachment-500x276 size-500x276\" alt=\"Plise Sineklik Gold Seri\" style=\"max-width: 100%; height: auto;\" srcset=\"https:\/\/i0.wp.com\/kamacilar.com\/wp-content\/uploads\/2022\/04\/95204-prosin-gold-sistem.webp?w=362 362w, https:\/\/i0.wp.com\/kamacilar.com\/wp-content\/uploads\/2022\/04\/95204-prosin-gold-sistem.webp?resize=300%2C166 300w, https:\/\/i0.wp.com\/kamacilar.com\/wp-content\/uploads\/2022\/04\/95204-prosin-gold-sistem.webp?resize=100%2C55 100w, https:\/\/i0.wp.com\/kamacilar.com\/wp-content\/uploads\/2022\/04\/95204-prosin-gold-sistem.webp?resize=275%2C152 275w\" sizes=\"auto, (max-width: 362px) 100vw, 362px\" \/><\/div><\/div><\/div><\/div><div id=\"pg-152-2\"  class=\"panel-grid panel-has-style\" ><div style=\"padding: 0px 0; \" class=\"panel-row-style panel-row-style-for-152-2\" ><div id=\"pgc-152-2-0\"  class=\"panel-grid-cell\" ><div id=\"panel-152-2-0-0\" class=\"so-panel widget widget_text panel-first-child panel-last-child\" data-index=\"3\" >\t\t\t<div class=\"textwidget\"><h3><b><span style=\"color: #ff9900;\">Slim<\/span> Seri<\/b><\/h3>\n<hr \/>\n<\/div>\n\t\t<\/div><\/div><\/div><\/div><div id=\"pg-152-3\"  class=\"panel-grid panel-has-style\" ><div style=\"padding: 0px 0; \" class=\"panel-row-style panel-row-style-for-152-3\" ><div id=\"pgc-152-3-0\"  class=\"panel-grid-cell\" ><div id=\"panel-152-3-0-0\" class=\"so-panel widget widget_text panel-first-child panel-last-child\" data-index=\"4\" >\t\t\t<div class=\"textwidget\"><p><strong>Panjurlu kap\u0131 ve pencereler<\/strong> i\u00e7in tasarlanm\u0131\u015f bir modeldir. Panjur ile kap\u0131-pencere pervaz\u0131 aras\u0131ndaki bo\u015flukta montaj yap\u0131lma imkan\u0131 sa\u011flamaktad\u0131r.Bu \u00fcr\u00fcn sayesinde panjurlu kap\u0131 pencerelerde de sineklik kullan\u0131labilmektedir. <a href=\"http:\/\/kamacilar.com\/index.php\/slim-seri-icten-gergi\/\">\u0130\u00e7ten Gerigi<\/a> ve <a href=\"http:\/\/kamacilar.com\/index.php\/slim-seri-koseden-gergi\/\">K\u00f6\u015feden Gergi<\/a> modelleri i\u00e7in t\u0131klay\u0131n\u0131z.<\/p>\n<\/div>\n\t\t<\/div><\/div><div id=\"pgc-152-3-1\"  class=\"panel-grid-cell\" ><div id=\"panel-152-3-1-0\" class=\"so-panel widget widget_media_image panel-first-child panel-last-child\" data-index=\"5\" ><img loading=\"lazy\" decoding=\"async\" width=\"362\" height=\"200\" src=\"https:\/\/i0.wp.com\/kamacilar.com\/wp-content\/uploads\/2022\/04\/95784-prosin-slim-sistem.webp?fit=362%2C200\" class=\"image wp-image-183  attachment-500x276 size-500x276\" alt=\"Plicell Perde Slim Sistem\" style=\"max-width: 100%; height: auto;\" srcset=\"https:\/\/i0.wp.com\/kamacilar.com\/wp-content\/uploads\/2022\/04\/95784-prosin-slim-sistem.webp?w=362 362w, https:\/\/i0.wp.com\/kamacilar.com\/wp-content\/uploads\/2022\/04\/95784-prosin-slim-sistem.webp?resize=300%2C166 300w, https:\/\/i0.wp.com\/kamacilar.com\/wp-content\/uploads\/2022\/04\/95784-prosin-slim-sistem.webp?resize=100%2C55 100w, https:\/\/i0.wp.com\/kamacilar.com\/wp-content\/uploads\/2022\/04\/95784-prosin-slim-sistem.webp?resize=275%2C152 275w\" sizes=\"auto, (max-width: 362px) 100vw, 362px\" \/><\/div><\/div><\/div><\/div><div id=\"pg-152-4\"  class=\"panel-grid panel-has-style\" ><div style=\"padding: 100px 0; \" class=\"panel-row-style panel-row-style-for-152-4\" ><div id=\"pgc-152-4-0\"  class=\"panel-grid-cell\" ><div id=\"panel-152-4-0-0\" class=\"so-panel widget widget_text panel-first-child\" data-index=\"6\" >\t\t\t<div class=\"textwidget\"><h3><b><span style=\"color: #ff9900;\">Pileli Sineklik<\/span> Nedir?<\/b><\/h3>\n<\/div>\n\t\t<\/div><div id=\"panel-152-4-0-1\" class=\"so-panel widget widget_text panel-last-child\" data-index=\"7\" >\t\t\t<div class=\"textwidget\"><p>T\u00fcl yap\u0131s\u0131ndaki pile k\u0131r\u0131mlar\u0131 sayesinde kanad\u0131n kasa i\u00e7erisinde yatay ve dikey olarak hareket etmesi ile a\u00e7\u0131l\u0131p kapanabilen m\u00fckemmel bir sineklik sistemidir.<br \/>\nA\u00e7\u0131l\u0131p kapanamayan sabit sinekliklerin olu\u015fturdu\u011fu k\u0131s\u0131tlamalar bu sistem sayesinde ortadan kalkm\u0131\u015ft\u0131r. Kullan\u0131m kolayl\u0131\u011f\u0131 ,az bak\u0131m, estetik \u00f6zellikler ve montaj kolayl\u0131\u011f\u0131 nedeniyle son y\u0131llarda t\u00fcketicilerin \u00e7ok tercih etti\u011fi sineklik modelidir.<\/p>\n<p>&nbsp;<\/p>\n<h4>Pileli Sineklik Sistemleri Kullan\u0131m Alanlar\u0131<\/h4>\n<p>3 metre y\u00fcksekli\u011fe ve 5 metre geni\u015fli\u011fe kadar olan alanlar\u0131 duble kanat ile kapatabilen pileli sineklik katlan\u0131r paneller Frans\u0131z kap\u0131lar-pencereler, s\u00fcrg\u00fcl\u00fc paneller, plastik-al\u00fcminyum kap\u0131 pencereler, k\u0131\u015f bah\u00e7eleri ve katlan\u0131r cam balkonlar gibi \u00e7ok \u00e7e\u015fitli mimari a\u00e7\u0131kl\u0131klar\u0131 kapatmak i\u00e7in m\u00fckemmel bir se\u00e7enek sunar.<\/p>\n<p><img loading=\"lazy\" decoding=\"async\" class=\"aligncenter wp-image-204 size-full\" src=\"https:\/\/i0.wp.com\/kamacilar.com\/wp-content\/uploads\/2022\/04\/32385-resim1-1.webp?resize=360%2C226\" alt=\"\" width=\"360\" height=\"226\" data-recalc-dims=\"1\" srcset=\"https:\/\/i0.wp.com\/kamacilar.com\/wp-content\/uploads\/2022\/04\/32385-resim1-1.webp?w=360 360w, https:\/\/i0.wp.com\/kamacilar.com\/wp-content\/uploads\/2022\/04\/32385-resim1-1.webp?resize=300%2C188 300w, https:\/\/i0.wp.com\/kamacilar.com\/wp-content\/uploads\/2022\/04\/32385-resim1-1.webp?resize=100%2C63 100w, https:\/\/i0.wp.com\/kamacilar.com\/wp-content\/uploads\/2022\/04\/32385-resim1-1.webp?resize=275%2C173 275w\" sizes=\"auto, (max-width: 360px) 100vw, 360px\" \/><\/p>\n<h4>Plisse Sineklik Sistemleri Rekabet Avantajlar\u0131<\/h4>\n<p>\u2022 Sineklerden ve b\u00f6ceklerden en verimli \u015fekilde koruma sa\u011flar,<br \/>\n\u2022 Basit montaj yap\u0131labilirlik,<br \/>\n\u2022 Her boyutta ve yap\u0131da kap\u0131 ve pencere i\u00e7in sorunsuz uygulama,<br \/>\n\u2022 \u00c7evre dostu \u00fcr\u00fcn,<br \/>\n\u2022 Geni\u015f a\u00e7\u0131kl\u0131klar i\u00e7in uygundur,<br \/>\n\u2022 Alan tasarrufu sa\u011flar, kullan\u0131lmad\u0131\u011f\u0131nda g\u00f6zden kaybolur,<br \/>\n\u2022 Estetik ve konforu m\u00fckemmel bir \u015fekilde birle\u015ftirir,<br \/>\n\u2022 Kurulumu kolayd\u0131r,<br \/>\n\u2022 Temizli\u011fi kolayd\u0131r.<\/p>\n<p><img loading=\"lazy\" decoding=\"async\" class=\"aligncenter wp-image-205 size-full\" src=\"https:\/\/i0.wp.com\/kamacilar.com\/wp-content\/uploads\/2022\/04\/83663-resim1-2.webp?resize=360%2C226\" alt=\"\" width=\"360\" height=\"226\" data-recalc-dims=\"1\" srcset=\"https:\/\/i0.wp.com\/kamacilar.com\/wp-content\/uploads\/2022\/04\/83663-resim1-2.webp?w=360 360w, https:\/\/i0.wp.com\/kamacilar.com\/wp-content\/uploads\/2022\/04\/83663-resim1-2.webp?resize=300%2C188 300w, https:\/\/i0.wp.com\/kamacilar.com\/wp-content\/uploads\/2022\/04\/83663-resim1-2.webp?resize=100%2C63 100w, https:\/\/i0.wp.com\/kamacilar.com\/wp-content\/uploads\/2022\/04\/83663-resim1-2.webp?resize=275%2C173 275w\" sizes=\"auto, (max-width: 360px) 100vw, 360px\" \/><\/p>\n<h4>Al\u00fcminyum Profilleri Renk \u00c7e\u015fitlili\u011fi<\/h4>\n<p>Al\u00fcminyum profiller elektrostatik toz boya ile boyan\u0131r, \u00e7e\u015fitli renklerde \u00fcretilir. Stoklar\u0131m\u0131zda bulunan \u00fcr\u00fcn renkleri; 9016 &#8211; 8003 &#8211; 8016 &#8211; 7016 &#8211; 9005 ral kodlar\u0131nda renkler standart olarak boyan\u0131r ve stoklan\u0131r. \u0130ste\u011fe g\u00f6re \u00f6zel renk uygulamam\u0131z vard\u0131r. Ayr\u0131ca eloksal y\u00fczey i\u015flemli profillerde mevcuttur. E6 mat beyaz ve P0 parlak bronz olarak profil sat\u0131n alabilirsiniz.<br \/>\nPileli Sineklik Plastik Aksesuarlar\u0131<br \/>\nSinekli\u011fi olu\u015fturan bir kaset yap\u0131da:<br \/>\n4 adet montaj delikli k\u00f6\u015fe takozu<br \/>\n2 adet rulmanl\u0131 hareket kapa\u011f\u0131<br \/>\n2 adet ip kontrol takozu<br \/>\n2 adet ip gergi aparat\u0131<br \/>\n10 adet ip da\u011f\u0131t\u0131m aparat\u0131 kullan\u0131lmaktad\u0131r.<br \/>\nBu \u00fcr\u00fcnleri bir kolide 100 set olacak \u015fekilde stoklar\u0131m\u0131zdan siyah ve beyaz renklerde sat\u0131n alabilirsiniz.<\/p>\n<p>&nbsp;<\/p>\n<h4>Pileli Sineklikte Kullan\u0131lan T\u00fcller<\/h4>\n<p><strong>Fiberglas T\u00fcl<\/strong><br \/>\nCam elyaftan elde edilen ipler ile dokunduktan sonra elastik hale gelmeleri i\u00e7in plastik kaplama yap\u0131l\u0131r. Esnek olmas\u0131 ve kopma direncinin y\u00fcksek olmas\u0131 hedeflenir. UV dayan\u0131m\u0131 y\u00fcksek uzun \u00f6m\u00fcrl\u00fc t\u00fcld\u00fcr.<br \/>\nPile y\u00fcksekli\u011fi 16 mm ve 18 mm\u2019dir.<br \/>\nTicari sunumu, 200 cm &#8211; 210 cm &#8211; 220 cm &#8211; 260 cm ve 300 cm eninde paket halde sat\u0131l\u0131r.<\/p>\n<p><strong>Polyester T\u00fcl<\/strong><br \/>\nPetrol bazl\u0131 bir elyaf olan polyester d\u00fcnyada en yayg\u0131n elyaflardan biridir. Kolay buru\u015fmaz ve deforme olmaz. Polyester kuma\u015f t\u00fcl \u00f6zellikli makinalardan ge\u00e7irilerek pile i\u015flemine tabi tutulur. Pile yap\u0131s\u0131 bozulmaz, fiberglas t\u00fcle g\u00f6re daha ekonomiktir.<br \/>\nStandart pile y\u00fcksekli\u011fi 15 mm &#8211; 20 mm aras\u0131ndad\u0131r.<br \/>\nTicari sunumu, 200 cm &#8211; 210 cm &#8211; 220 cm &#8211; 260 cm ve 300 cm eninde paket halde sat\u0131l\u0131r.<\/p>\n<\/div>\n\t\t<\/div><\/div><\/div><\/div><div id=\"pg-152-5\"  class=\"panel-grid panel-has-style\" ><div style=\"padding: 5px 0; \" class=\"panel-row-style panel-row-style-for-152-5\" ><div id=\"pgc-152-5-0\"  class=\"panel-grid-cell\" ><div id=\"panel-152-5-0-0\" class=\"so-panel widget widget_text panel-first-child panel-last-child\" data-index=\"8\" >\t\t\t<div class=\"textwidget\"><h3><b>Sineklik T\u00fclleri<\/b><\/h3>\n<\/div>\n\t\t<\/div><\/div><\/div><\/div><div id=\"pg-152-6\"  class=\"panel-grid panel-has-style\" ><div style=\"padding: 5px 0; \" class=\"panel-row-style panel-row-style-for-152-6\" ><div id=\"pgc-152-6-0\"  class=\"panel-grid-cell\" ><div id=\"panel-152-6-0-0\" class=\"so-panel widget widget_text panel-first-child\" data-index=\"9\" >\t\t\t<div class=\"textwidget\"><p><center><strong>D\u00fcz Sineklik T\u00fcl\u00fc<\/strong><\/center><\/p>\n<\/div>\n\t\t<\/div><div id=\"panel-152-6-0-1\" class=\"so-panel widget widget_media_image panel-last-child\" data-index=\"10\" ><div class=\"panel-widget-style panel-widget-style-for-152-6-0-1\" ><img loading=\"lazy\" decoding=\"async\" width=\"423\" height=\"239\" src=\"https:\/\/i0.wp.com\/kamacilar.com\/wp-content\/uploads\/2022\/04\/Image-23.png?fit=423%2C239\" class=\"image wp-image-959  attachment-423x239 size-423x239\" alt=\"Sineklik T\u00fcl\u00fc\" style=\"max-width: 100%; height: auto;\" srcset=\"https:\/\/i0.wp.com\/kamacilar.com\/wp-content\/uploads\/2022\/04\/Image-23.png?w=955 955w, https:\/\/i0.wp.com\/kamacilar.com\/wp-content\/uploads\/2022\/04\/Image-23.png?resize=300%2C170 300w, https:\/\/i0.wp.com\/kamacilar.com\/wp-content\/uploads\/2022\/04\/Image-23.png?resize=768%2C434 768w, https:\/\/i0.wp.com\/kamacilar.com\/wp-content\/uploads\/2022\/04\/Image-23.png?resize=700%2C396 700w, https:\/\/i0.wp.com\/kamacilar.com\/wp-content\/uploads\/2022\/04\/Image-23.png?resize=410%2C232 410w, https:\/\/i0.wp.com\/kamacilar.com\/wp-content\/uploads\/2022\/04\/Image-23.png?resize=100%2C57 100w, https:\/\/i0.wp.com\/kamacilar.com\/wp-content\/uploads\/2022\/04\/Image-23.png?resize=275%2C155 275w\" sizes=\"auto, (max-width: 423px) 100vw, 423px\" \/><\/div><\/div><\/div><div id=\"pgc-152-6-1\"  class=\"panel-grid-cell\" ><div id=\"panel-152-6-1-0\" class=\"so-panel widget widget_text panel-first-child\" data-index=\"11\" >\t\t\t<div class=\"textwidget\"><p><center><strong>Pileli Fiber T\u00fcl<\/strong><\/center><\/p>\n<\/div>\n\t\t<\/div><div id=\"panel-152-6-1-1\" class=\"so-panel widget widget_media_image panel-last-child\" data-index=\"12\" ><img loading=\"lazy\" decoding=\"async\" width=\"300\" height=\"239\" src=\"https:\/\/i0.wp.com\/kamacilar.com\/wp-content\/uploads\/2022\/04\/pileliSineklikTulu.png?fit=300%2C239\" class=\"image wp-image-957  attachment-medium size-medium\" alt=\"Pileli Sineklik T\u00fcl\u00fc\" style=\"max-width: 100%; height: auto;\" srcset=\"https:\/\/i0.wp.com\/kamacilar.com\/wp-content\/uploads\/2022\/04\/pileliSineklikTulu.png?w=993 993w, https:\/\/i0.wp.com\/kamacilar.com\/wp-content\/uploads\/2022\/04\/pileliSineklikTulu.png?resize=300%2C239 300w, https:\/\/i0.wp.com\/kamacilar.com\/wp-content\/uploads\/2022\/04\/pileliSineklikTulu.png?resize=768%2C613 768w, https:\/\/i0.wp.com\/kamacilar.com\/wp-content\/uploads\/2022\/04\/pileliSineklikTulu.png?resize=700%2C558 700w, https:\/\/i0.wp.com\/kamacilar.com\/wp-content\/uploads\/2022\/04\/pileliSineklikTulu.png?resize=410%2C327 410w, https:\/\/i0.wp.com\/kamacilar.com\/wp-content\/uploads\/2022\/04\/pileliSineklikTulu.png?resize=100%2C80 100w, https:\/\/i0.wp.com\/kamacilar.com\/wp-content\/uploads\/2022\/04\/pileliSineklikTulu.png?resize=275%2C219 275w\" sizes=\"auto, (max-width: 300px) 100vw, 300px\" \/><\/div><\/div><div id=\"pgc-152-6-2\"  class=\"panel-grid-cell\" ><div id=\"panel-152-6-2-0\" class=\"so-panel widget widget_text panel-first-child\" data-index=\"13\" >\t\t\t<div class=\"textwidget\"><p><center><strong>Pileli Polyester T\u00fcl<\/strong><\/center><\/p>\n<\/div>\n\t\t<\/div><div id=\"panel-152-6-2-1\" class=\"so-panel widget widget_media_image panel-last-child\" data-index=\"14\" ><img loading=\"lazy\" decoding=\"async\" width=\"302\" height=\"239\" src=\"https:\/\/i0.wp.com\/kamacilar.com\/wp-content\/uploads\/2022\/04\/Image-22.png?fit=302%2C239\" class=\"image wp-image-958  attachment-302x239 size-302x239\" alt=\"Sineklik T\u00fcl\u00fc\" style=\"max-width: 100%; height: auto;\" srcset=\"https:\/\/i0.wp.com\/kamacilar.com\/wp-content\/uploads\/2022\/04\/Image-22.png?w=997 997w, https:\/\/i0.wp.com\/kamacilar.com\/wp-content\/uploads\/2022\/04\/Image-22.png?resize=300%2C238 300w, https:\/\/i0.wp.com\/kamacilar.com\/wp-content\/uploads\/2022\/04\/Image-22.png?resize=768%2C609 768w, https:\/\/i0.wp.com\/kamacilar.com\/wp-content\/uploads\/2022\/04\/Image-22.png?resize=700%2C555 700w, https:\/\/i0.wp.com\/kamacilar.com\/wp-content\/uploads\/2022\/04\/Image-22.png?resize=410%2C325 410w, https:\/\/i0.wp.com\/kamacilar.com\/wp-content\/uploads\/2022\/04\/Image-22.png?resize=100%2C79 100w, https:\/\/i0.wp.com\/kamacilar.com\/wp-content\/uploads\/2022\/04\/Image-22.png?resize=275%2C218 275w\" sizes=\"auto, (max-width: 302px) 100vw, 302px\" \/><\/div><\/div><\/div><\/div><\/div>","protected":false},"excerpt":{"rendered":"<p>Gold Seri \u00d6zellikle kap\u0131lar i\u00e7in \u00e7ok tercih edilen bir seridir, t\u00fcl a\u011f\u0131 bir tarafta veya her iki tarafta kasa i\u00e7erisine katlan\u0131r. Pileli kaset, al\u00fcminyum kasa profili ile kap\u0131 veya pencere pervaz\u0131na, k\u00f6\u015fe takozlar\u0131nda yer alan montaj deliklerinden vida yard\u0131m\u0131yla do\u011frudan ve kolayca sabitlenir.Devam\u0131&#8230;<\/p>\n","protected":false},"author":1,"featured_media":0,"parent":0,"menu_order":0,"comment_status":"closed","ping_status":"closed","template":"page-templates\/page_fullwidth.php","meta":{"footnotes":""},"class_list":["post-152","page","type-page","status-publish","hentry"],"yoast_head":"<!-- This site is optimized with the Yoast SEO plugin v19.14 - https:\/\/yoast.com\/wordpress\/plugins\/seo\/ -->\n<title>Kamac\u0131lar - Pileli Sineklik \u00c7e\u015fitleri<\/title>\n<meta name=\"description\" content=\"Pileli Sineklik \u00c7e\u015fitleri, Plise Sineklik Nedir ? Pileli Sineklik Al\u00fcminyum Profilleri Renk \u00c7e\u015fitlili\u011fi, Pileli Sineklikte Kullan\u0131lan T\u00fcller\" \/>\n<meta name=\"robots\" content=\"index, follow, max-snippet:-1, max-image-preview:large, max-video-preview:-1\" \/>\n<link rel=\"canonical\" href=\"http:\/\/kamacilar.com\/index.php\/plise-sineklik\/\" \/>\n<meta property=\"og:locale\" content=\"tr_TR\" \/>\n<meta property=\"og:type\" content=\"article\" \/>\n<meta property=\"og:title\" content=\"Kamac\u0131lar - Pileli Sineklik \u00c7e\u015fitleri\" \/>\n<meta property=\"og:description\" content=\"Pileli Sineklik \u00c7e\u015fitleri, Plise Sineklik Nedir ? Pileli Sineklik Al\u00fcminyum Profilleri Renk \u00c7e\u015fitlili\u011fi, Pileli Sineklikte Kullan\u0131lan T\u00fcller\" \/>\n<meta property=\"og:url\" content=\"http:\/\/kamacilar.com\/index.php\/plise-sineklik\/\" \/>\n<meta property=\"og:site_name\" content=\"Kamac\u0131lar\" \/>\n<meta property=\"article:publisher\" content=\"https:\/\/www.facebook.com\/kamacilarplise\" \/>\n<meta property=\"article:modified_time\" content=\"2022-04-27T07:28:45+00:00\" \/>\n<meta property=\"og:image\" content=\"https:\/\/i0.wp.com\/www.kamacilar.com\/wp-content\/uploads\/2022\/04\/32385-resim1-1.webp?resize=360%2C226\" \/>\n<meta name=\"twitter:card\" content=\"summary_large_image\" \/>\n<meta name=\"twitter:site\" content=\"@kamacilarplise\" \/>\n<meta name=\"twitter:label1\" content=\"Tahmini okuma s\u00fcresi\" \/>\n\t<meta name=\"twitter:data1\" content=\"4 dakika\" \/>\n<script type=\"application\/ld+json\" class=\"yoast-schema-graph\">{\"@context\":\"https:\/\/schema.org\",\"@graph\":[{\"@type\":\"WebPage\",\"@id\":\"http:\/\/kamacilar.com\/index.php\/plise-sineklik\/\",\"url\":\"http:\/\/kamacilar.com\/index.php\/plise-sineklik\/\",\"name\":\"Kamac\u0131lar - Pileli Sineklik \u00c7e\u015fitleri\",\"isPartOf\":{\"@id\":\"http:\/\/kamacilar.com\/#website\"},\"datePublished\":\"2022-04-22T07:42:04+00:00\",\"dateModified\":\"2022-04-27T07:28:45+00:00\",\"description\":\"Pileli Sineklik \u00c7e\u015fitleri, Plise Sineklik Nedir ? Pileli Sineklik Al\u00fcminyum Profilleri Renk \u00c7e\u015fitlili\u011fi, Pileli Sineklikte Kullan\u0131lan T\u00fcller\",\"inLanguage\":\"tr\",\"potentialAction\":[{\"@type\":\"ReadAction\",\"target\":[\"http:\/\/kamacilar.com\/index.php\/plise-sineklik\/\"]}]},{\"@type\":\"WebSite\",\"@id\":\"http:\/\/kamacilar.com\/#website\",\"url\":\"http:\/\/kamacilar.com\/\",\"name\":\"Kamac\u0131lar\",\"description\":\"Plise Sineklik - Plicell Perde - Cam Balkon\",\"publisher\":{\"@id\":\"http:\/\/kamacilar.com\/#organization\"},\"potentialAction\":[{\"@type\":\"SearchAction\",\"target\":{\"@type\":\"EntryPoint\",\"urlTemplate\":\"http:\/\/kamacilar.com\/?s={search_term_string}\"},\"query-input\":\"required name=search_term_string\"}],\"inLanguage\":\"tr\"},{\"@type\":\"Organization\",\"@id\":\"http:\/\/kamacilar.com\/#organization\",\"name\":\"Kamac\u0131lar Pileli Sineklik&Plise Perde\",\"url\":\"http:\/\/kamacilar.com\/\",\"logo\":{\"@type\":\"ImageObject\",\"inLanguage\":\"tr\",\"@id\":\"http:\/\/kamacilar.com\/#\/schema\/logo\/image\/\",\"url\":\"https:\/\/i0.wp.com\/www.kamacilar.com\/wp-content\/uploads\/2022\/04\/kamaciLogo.png?fit=7519%2C1278\",\"contentUrl\":\"https:\/\/i0.wp.com\/www.kamacilar.com\/wp-content\/uploads\/2022\/04\/kamaciLogo.png?fit=7519%2C1278\",\"width\":7519,\"height\":1278,\"caption\":\"Kamac\u0131lar Pileli Sineklik&Plise Perde\"},\"image\":{\"@id\":\"http:\/\/kamacilar.com\/#\/schema\/logo\/image\/\"},\"sameAs\":[\"https:\/\/www.instagram.com\/kamacilarplise\",\"https:\/\/www.facebook.com\/kamacilarplise\",\"https:\/\/twitter.com\/kamacilarplise\"]}]}<\/script>\n<!-- \/ Yoast SEO plugin. -->","yoast_head_json":{"title":"Kamac\u0131lar - Pileli Sineklik \u00c7e\u015fitleri","description":"Pileli Sineklik \u00c7e\u015fitleri, Plise Sineklik Nedir ? Pileli Sineklik Al\u00fcminyum Profilleri Renk \u00c7e\u015fitlili\u011fi, Pileli Sineklikte Kullan\u0131lan T\u00fcller","robots":{"index":"index","follow":"follow","max-snippet":"max-snippet:-1","max-image-preview":"max-image-preview:large","max-video-preview":"max-video-preview:-1"},"canonical":"http:\/\/kamacilar.com\/index.php\/plise-sineklik\/","og_locale":"tr_TR","og_type":"article","og_title":"Kamac\u0131lar - Pileli Sineklik \u00c7e\u015fitleri","og_description":"Pileli Sineklik \u00c7e\u015fitleri, Plise Sineklik Nedir ? Pileli Sineklik Al\u00fcminyum Profilleri Renk \u00c7e\u015fitlili\u011fi, Pileli Sineklikte Kullan\u0131lan T\u00fcller","og_url":"http:\/\/kamacilar.com\/index.php\/plise-sineklik\/","og_site_name":"Kamac\u0131lar","article_publisher":"https:\/\/www.facebook.com\/kamacilarplise","article_modified_time":"2022-04-27T07:28:45+00:00","og_image":[{"url":"https:\/\/i0.wp.com\/www.kamacilar.com\/wp-content\/uploads\/2022\/04\/32385-resim1-1.webp?resize=360%2C226"}],"twitter_card":"summary_large_image","twitter_site":"@kamacilarplise","twitter_misc":{"Tahmini okuma s\u00fcresi":"4 dakika"},"schema":{"@context":"https:\/\/schema.org","@graph":[{"@type":"WebPage","@id":"http:\/\/kamacilar.com\/index.php\/plise-sineklik\/","url":"http:\/\/kamacilar.com\/index.php\/plise-sineklik\/","name":"Kamac\u0131lar - Pileli Sineklik \u00c7e\u015fitleri","isPartOf":{"@id":"http:\/\/kamacilar.com\/#website"},"datePublished":"2022-04-22T07:42:04+00:00","dateModified":"2022-04-27T07:28:45+00:00","description":"Pileli Sineklik \u00c7e\u015fitleri, Plise Sineklik Nedir ? Pileli Sineklik Al\u00fcminyum Profilleri Renk \u00c7e\u015fitlili\u011fi, Pileli Sineklikte Kullan\u0131lan T\u00fcller","inLanguage":"tr","potentialAction":[{"@type":"ReadAction","target":["http:\/\/kamacilar.com\/index.php\/plise-sineklik\/"]}]},{"@type":"WebSite","@id":"http:\/\/kamacilar.com\/#website","url":"http:\/\/kamacilar.com\/","name":"Kamac\u0131lar","description":"Plise Sineklik - Plicell Perde - Cam Balkon","publisher":{"@id":"http:\/\/kamacilar.com\/#organization"},"potentialAction":[{"@type":"SearchAction","target":{"@type":"EntryPoint","urlTemplate":"http:\/\/kamacilar.com\/?s={search_term_string}"},"query-input":"required name=search_term_string"}],"inLanguage":"tr"},{"@type":"Organization","@id":"http:\/\/kamacilar.com\/#organization","name":"Kamac\u0131lar Pileli Sineklik&Plise Perde","url":"http:\/\/kamacilar.com\/","logo":{"@type":"ImageObject","inLanguage":"tr","@id":"http:\/\/kamacilar.com\/#\/schema\/logo\/image\/","url":"https:\/\/i0.wp.com\/www.kamacilar.com\/wp-content\/uploads\/2022\/04\/kamaciLogo.png?fit=7519%2C1278","contentUrl":"https:\/\/i0.wp.com\/www.kamacilar.com\/wp-content\/uploads\/2022\/04\/kamaciLogo.png?fit=7519%2C1278","width":7519,"height":1278,"caption":"Kamac\u0131lar Pileli Sineklik&Plise Perde"},"image":{"@id":"http:\/\/kamacilar.com\/#\/schema\/logo\/image\/"},"sameAs":["https:\/\/www.instagram.com\/kamacilarplise","https:\/\/www.facebook.com\/kamacilarplise","https:\/\/twitter.com\/kamacilarplise"]}]}},"_links":{"self":[{"href":"http:\/\/kamacilar.com\/index.php\/wp-json\/wp\/v2\/pages\/152","targetHints":{"allow":["GET"]}}],"collection":[{"href":"http:\/\/kamacilar.com\/index.php\/wp-json\/wp\/v2\/pages"}],"about":[{"href":"http:\/\/kamacilar.com\/index.php\/wp-json\/wp\/v2\/types\/page"}],"author":[{"embeddable":true,"href":"http:\/\/kamacilar.com\/index.php\/wp-json\/wp\/v2\/users\/1"}],"replies":[{"embeddable":true,"href":"http:\/\/kamacilar.com\/index.php\/wp-json\/wp\/v2\/comments?post=152"}],"version-history":[{"count":0,"href":"http:\/\/kamacilar.com\/index.php\/wp-json\/wp\/v2\/pages\/152\/revisions"}],"wp:attachment":[{"href":"http:\/\/kamacilar.com\/index.php\/wp-json\/wp\/v2\/media?parent=152"}],"curies":[{"name":"wp","href":"https:\/\/api.w.org\/{rel}","templated":true}]}}