{"id":226,"date":"2022-04-07T13:53:16","date_gmt":"2022-04-07T13:53:16","guid":{"rendered":"http:\/\/www.kamacilar.com\/?page_id=226"},"modified":"2022-04-27T06:56:24","modified_gmt":"2022-04-27T06:56:24","slug":"plicell-perde","status":"publish","type":"page","link":"http:\/\/kamacilar.com\/index.php\/plicell-perde\/","title":{"rendered":""},"content":{"rendered":"<div id=\"pl-226\"  class=\"panel-layout\" ><div id=\"pg-226-0\"  class=\"panel-grid panel-has-style\" ><div style=\"padding: 100px 0; \" class=\"panel-row-style panel-row-style-for-226-0\" ><div id=\"pgc-226-0-0\"  class=\"panel-grid-cell\" ><div id=\"panel-226-0-0-0\" class=\"so-panel widget widget_text panel-first-child panel-last-child\" data-index=\"0\" >\t\t\t<div class=\"textwidget\"><h3><b><span style=\"color: #ff9900;\">Plise<\/span> Perde<\/b><\/h3>\n<hr \/>\n<\/div>\n\t\t<\/div><\/div><\/div><\/div><div id=\"pg-226-1\"  class=\"panel-grid panel-has-style\" ><div style=\"padding: 0px 0; \" class=\"panel-row-style panel-row-style-for-226-1\" ><div id=\"pgc-226-1-0\"  class=\"panel-grid-cell\" ><div id=\"panel-226-1-0-0\" class=\"so-panel widget widget_text panel-first-child panel-last-child\" data-index=\"1\" >\t\t\t<div class=\"textwidget\"><p><img loading=\"lazy\" decoding=\"async\" class=\"aligncenter wp-image-133 size-full\" src=\"https:\/\/i0.wp.com\/kamacilar.com\/wp-content\/uploads\/2022\/04\/plicell_perde_155784254.jpeg?resize=800%2C517\" alt=\"Pllicell Perde\" width=\"800\" height=\"517\" data-recalc-dims=\"1\" srcset=\"https:\/\/i0.wp.com\/kamacilar.com\/wp-content\/uploads\/2022\/04\/plicell_perde_155784254.jpeg?w=800 800w, https:\/\/i0.wp.com\/kamacilar.com\/wp-content\/uploads\/2022\/04\/plicell_perde_155784254.jpeg?resize=300%2C194 300w, https:\/\/i0.wp.com\/kamacilar.com\/wp-content\/uploads\/2022\/04\/plicell_perde_155784254.jpeg?resize=768%2C496 768w, https:\/\/i0.wp.com\/kamacilar.com\/wp-content\/uploads\/2022\/04\/plicell_perde_155784254.jpeg?resize=700%2C452 700w, https:\/\/i0.wp.com\/kamacilar.com\/wp-content\/uploads\/2022\/04\/plicell_perde_155784254.jpeg?resize=410%2C265 410w, https:\/\/i0.wp.com\/kamacilar.com\/wp-content\/uploads\/2022\/04\/plicell_perde_155784254.jpeg?resize=100%2C65 100w, https:\/\/i0.wp.com\/kamacilar.com\/wp-content\/uploads\/2022\/04\/plicell_perde_155784254.jpeg?resize=275%2C178 275w\" sizes=\"auto, (max-width: 800px) 100vw, 800px\" \/><\/p>\n<p>D\u00fcnyada ilk olarak Plicell\u2019in geli\u015ftirdi\u011fi <strong>cam balkon perde sistemleri<\/strong>; a\u015fa\u011f\u0131dan yukar\u0131 ve yukar\u0131dan a\u015fa\u011f\u0131 \u00e7al\u0131\u015ft\u0131r\u0131labilir. Bu \u00f6zellikleri sayesinde \u0131s\u0131 ve \u0131\u015f\u0131k kontrol\u00fcn\u00fc kolayca sa\u011flayabilme avantaj\u0131na sahiptir. Cam balkonlar\u0131n\u0131zda ve k\u0131\u015f bah\u00e7elerinizde kullan\u0131labilecek perdelerimiz, bu anlamda alternatifsiz bir perde sistemidir.<\/p>\n<p>\u0130stenildi\u011finde gece g\u00fcnd\u00fcz modeli sayesinde <strong>g\u00fcne\u015flik veya t\u00fcl perde<\/strong> \u015feklinde kullan\u0131labilmektedir.<\/p>\n<p>Montaj\u0131 cam balkon profiline vidalanarak ya da istenilirse <strong>hi\u00e7 bir yer delinmeden<\/strong> yap\u0131\u015ft\u0131r\u0131larak uygulanabilmektedir. Cam balkon sistemi t\u00fcm aksesuar ve kuma\u015flar\u0131 d\u0131\u015f mekan \u015fartlar\u0131na uygun olarak \u00fcretilmi\u015flerdir. Cam balkon sistemlerimiz, ev i\u00e7i sistemlerimiz kadar kolayca s\u00f6k\u00fcl\u00fcp tak\u0131labilmekte ve <strong>rahat\u00e7a temizlenebilmektedir<\/strong>.<\/p>\n<p>&nbsp;<\/p>\n<p>&#8211; \u00dcretti\u011fimiz her kuma\u015f ve mekanizmay\u0131 <strong>120.000<\/strong> kez a\u00e7ma-kapama testine tabi tutuyoruz.<\/p>\n<p>&#8211; Perdelerimizi <strong>sulu test<\/strong> cihazlar\u0131m\u0131zda iklimlendirme testine sokuyoruz.<\/p>\n<p>&#8211; Memnuniyetini artt\u0131rmak i\u00e7in t\u00fcm sat\u0131\u015f noktalar\u0131na ziyaretlerde bulunarak geri d\u00f6n\u00fc\u015f topluyoruz.<\/p>\n<p>&#8211; T\u00fcm \u00fcretici bayilerimizin, bizim belirledi\u011fimiz standartlarda ve makinelerde \u00fcretim yapmas\u0131n\u0131 sa\u011fl\u0131yoruz.<\/p>\n<\/div>\n\t\t<\/div><\/div><\/div><\/div><\/div>","protected":false},"excerpt":{"rendered":"<p>Plise Perde D\u00fcnyada ilk olarak Plicell\u2019in geli\u015ftirdi\u011fi cam balkon perde sistemleri; a\u015fa\u011f\u0131dan yukar\u0131 ve yukar\u0131dan a\u015fa\u011f\u0131 \u00e7al\u0131\u015ft\u0131r\u0131labilir. Bu \u00f6zellikleri sayesinde \u0131s\u0131 ve \u0131\u015f\u0131k kontrol\u00fcn\u00fc kolayca sa\u011flayabilme avantaj\u0131na sahiptir. Cam balkonlar\u0131n\u0131zda ve k\u0131\u015f bah\u00e7elerinizde kullan\u0131labilecek perdelerimiz, bu anlamda alternatifsiz bir perde sistemidir. \u0130stenildi\u011finde gece g\u00fcnd\u00fcz modeli sayesinde g\u00fcne\u015flik veya t\u00fcl perde \u015feklinde kullan\u0131labilmektedir. Montaj\u0131 cam balkon [&hellip;]<\/p>\n","protected":false},"author":1,"featured_media":0,"parent":0,"menu_order":0,"comment_status":"closed","ping_status":"closed","template":"page-templates\/page_fullwidth.php","meta":{"footnotes":""},"class_list":["post-226","page","type-page","status-publish","hentry"],"yoast_head":"<!-- This site is optimized with the Yoast SEO plugin v19.14 - https:\/\/yoast.com\/wordpress\/plugins\/seo\/ -->\n<title>Kamac\u0131lar -Plise Perde<\/title>\n<meta name=\"description\" content=\"Plise cam balkon perde sistemleri; a\u015fa\u011f\u0131dan yukar\u0131 ve yukar\u0131dan a\u015fa\u011f\u0131 \u00e7al\u0131\u015ft\u0131r\u0131labilir.\" \/>\n<meta name=\"robots\" content=\"index, follow, max-snippet:-1, max-image-preview:large, max-video-preview:-1\" \/>\n<link rel=\"canonical\" href=\"http:\/\/kamacilar.com\/index.php\/plicell-perde\/\" \/>\n<meta property=\"og:locale\" content=\"tr_TR\" \/>\n<meta property=\"og:type\" content=\"article\" \/>\n<meta property=\"og:title\" content=\"Kamac\u0131lar -Plise Perde\" \/>\n<meta property=\"og:description\" content=\"Plise cam balkon perde sistemleri; a\u015fa\u011f\u0131dan yukar\u0131 ve yukar\u0131dan a\u015fa\u011f\u0131 \u00e7al\u0131\u015ft\u0131r\u0131labilir.\" \/>\n<meta property=\"og:url\" content=\"http:\/\/kamacilar.com\/index.php\/plicell-perde\/\" \/>\n<meta property=\"og:site_name\" content=\"Kamac\u0131lar\" \/>\n<meta property=\"article:publisher\" content=\"https:\/\/www.facebook.com\/kamacilarplise\" \/>\n<meta property=\"article:modified_time\" content=\"2022-04-27T06:56:24+00:00\" \/>\n<meta property=\"og:image\" content=\"https:\/\/i0.wp.com\/www.kamacilar.com\/wp-content\/uploads\/2022\/04\/plicell_perde_155784254.jpeg?resize=800%2C517\" \/>\n<meta name=\"twitter:card\" content=\"summary_large_image\" \/>\n<meta name=\"twitter:site\" content=\"@kamacilarplise\" \/>\n<meta name=\"twitter:label1\" content=\"Tahmini okuma s\u00fcresi\" \/>\n\t<meta name=\"twitter:data1\" content=\"3 dakika\" \/>\n<script type=\"application\/ld+json\" class=\"yoast-schema-graph\">{\"@context\":\"https:\/\/schema.org\",\"@graph\":[{\"@type\":\"WebPage\",\"@id\":\"http:\/\/kamacilar.com\/index.php\/plicell-perde\/\",\"url\":\"http:\/\/kamacilar.com\/index.php\/plicell-perde\/\",\"name\":\"Kamac\u0131lar -Plise Perde\",\"isPartOf\":{\"@id\":\"http:\/\/kamacilar.com\/#website\"},\"datePublished\":\"2022-04-07T13:53:16+00:00\",\"dateModified\":\"2022-04-27T06:56:24+00:00\",\"description\":\"Plise cam balkon perde sistemleri; a\u015fa\u011f\u0131dan yukar\u0131 ve yukar\u0131dan a\u015fa\u011f\u0131 \u00e7al\u0131\u015ft\u0131r\u0131labilir.\",\"inLanguage\":\"tr\",\"potentialAction\":[{\"@type\":\"ReadAction\",\"target\":[\"http:\/\/kamacilar.com\/index.php\/plicell-perde\/\"]}]},{\"@type\":\"WebSite\",\"@id\":\"http:\/\/kamacilar.com\/#website\",\"url\":\"http:\/\/kamacilar.com\/\",\"name\":\"Kamac\u0131lar\",\"description\":\"Plise Sineklik - Plicell Perde - Cam Balkon\",\"publisher\":{\"@id\":\"http:\/\/kamacilar.com\/#organization\"},\"potentialAction\":[{\"@type\":\"SearchAction\",\"target\":{\"@type\":\"EntryPoint\",\"urlTemplate\":\"http:\/\/kamacilar.com\/?s={search_term_string}\"},\"query-input\":\"required name=search_term_string\"}],\"inLanguage\":\"tr\"},{\"@type\":\"Organization\",\"@id\":\"http:\/\/kamacilar.com\/#organization\",\"name\":\"Kamac\u0131lar Pileli Sineklik&Plise Perde\",\"url\":\"http:\/\/kamacilar.com\/\",\"logo\":{\"@type\":\"ImageObject\",\"inLanguage\":\"tr\",\"@id\":\"http:\/\/kamacilar.com\/#\/schema\/logo\/image\/\",\"url\":\"https:\/\/i0.wp.com\/www.kamacilar.com\/wp-content\/uploads\/2022\/04\/kamaciLogo.png?fit=7519%2C1278\",\"contentUrl\":\"https:\/\/i0.wp.com\/www.kamacilar.com\/wp-content\/uploads\/2022\/04\/kamaciLogo.png?fit=7519%2C1278\",\"width\":7519,\"height\":1278,\"caption\":\"Kamac\u0131lar Pileli Sineklik&Plise Perde\"},\"image\":{\"@id\":\"http:\/\/kamacilar.com\/#\/schema\/logo\/image\/\"},\"sameAs\":[\"https:\/\/www.instagram.com\/kamacilarplise\",\"https:\/\/www.facebook.com\/kamacilarplise\",\"https:\/\/twitter.com\/kamacilarplise\"]}]}<\/script>\n<!-- \/ Yoast SEO plugin. -->","yoast_head_json":{"title":"Kamac\u0131lar -Plise Perde","description":"Plise cam balkon perde sistemleri; a\u015fa\u011f\u0131dan yukar\u0131 ve yukar\u0131dan a\u015fa\u011f\u0131 \u00e7al\u0131\u015ft\u0131r\u0131labilir.","robots":{"index":"index","follow":"follow","max-snippet":"max-snippet:-1","max-image-preview":"max-image-preview:large","max-video-preview":"max-video-preview:-1"},"canonical":"http:\/\/kamacilar.com\/index.php\/plicell-perde\/","og_locale":"tr_TR","og_type":"article","og_title":"Kamac\u0131lar -Plise Perde","og_description":"Plise cam balkon perde sistemleri; a\u015fa\u011f\u0131dan yukar\u0131 ve yukar\u0131dan a\u015fa\u011f\u0131 \u00e7al\u0131\u015ft\u0131r\u0131labilir.","og_url":"http:\/\/kamacilar.com\/index.php\/plicell-perde\/","og_site_name":"Kamac\u0131lar","article_publisher":"https:\/\/www.facebook.com\/kamacilarplise","article_modified_time":"2022-04-27T06:56:24+00:00","og_image":[{"url":"https:\/\/i0.wp.com\/www.kamacilar.com\/wp-content\/uploads\/2022\/04\/plicell_perde_155784254.jpeg?resize=800%2C517"}],"twitter_card":"summary_large_image","twitter_site":"@kamacilarplise","twitter_misc":{"Tahmini okuma s\u00fcresi":"3 dakika"},"schema":{"@context":"https:\/\/schema.org","@graph":[{"@type":"WebPage","@id":"http:\/\/kamacilar.com\/index.php\/plicell-perde\/","url":"http:\/\/kamacilar.com\/index.php\/plicell-perde\/","name":"Kamac\u0131lar -Plise Perde","isPartOf":{"@id":"http:\/\/kamacilar.com\/#website"},"datePublished":"2022-04-07T13:53:16+00:00","dateModified":"2022-04-27T06:56:24+00:00","description":"Plise cam balkon perde sistemleri; a\u015fa\u011f\u0131dan yukar\u0131 ve yukar\u0131dan a\u015fa\u011f\u0131 \u00e7al\u0131\u015ft\u0131r\u0131labilir.","inLanguage":"tr","potentialAction":[{"@type":"ReadAction","target":["http:\/\/kamacilar.com\/index.php\/plicell-perde\/"]}]},{"@type":"WebSite","@id":"http:\/\/kamacilar.com\/#website","url":"http:\/\/kamacilar.com\/","name":"Kamac\u0131lar","description":"Plise Sineklik - Plicell Perde - Cam Balkon","publisher":{"@id":"http:\/\/kamacilar.com\/#organization"},"potentialAction":[{"@type":"SearchAction","target":{"@type":"EntryPoint","urlTemplate":"http:\/\/kamacilar.com\/?s={search_term_string}"},"query-input":"required name=search_term_string"}],"inLanguage":"tr"},{"@type":"Organization","@id":"http:\/\/kamacilar.com\/#organization","name":"Kamac\u0131lar Pileli Sineklik&Plise Perde","url":"http:\/\/kamacilar.com\/","logo":{"@type":"ImageObject","inLanguage":"tr","@id":"http:\/\/kamacilar.com\/#\/schema\/logo\/image\/","url":"https:\/\/i0.wp.com\/www.kamacilar.com\/wp-content\/uploads\/2022\/04\/kamaciLogo.png?fit=7519%2C1278","contentUrl":"https:\/\/i0.wp.com\/www.kamacilar.com\/wp-content\/uploads\/2022\/04\/kamaciLogo.png?fit=7519%2C1278","width":7519,"height":1278,"caption":"Kamac\u0131lar Pileli Sineklik&Plise Perde"},"image":{"@id":"http:\/\/kamacilar.com\/#\/schema\/logo\/image\/"},"sameAs":["https:\/\/www.instagram.com\/kamacilarplise","https:\/\/www.facebook.com\/kamacilarplise","https:\/\/twitter.com\/kamacilarplise"]}]}},"_links":{"self":[{"href":"http:\/\/kamacilar.com\/index.php\/wp-json\/wp\/v2\/pages\/226","targetHints":{"allow":["GET"]}}],"collection":[{"href":"http:\/\/kamacilar.com\/index.php\/wp-json\/wp\/v2\/pages"}],"about":[{"href":"http:\/\/kamacilar.com\/index.php\/wp-json\/wp\/v2\/types\/page"}],"author":[{"embeddable":true,"href":"http:\/\/kamacilar.com\/index.php\/wp-json\/wp\/v2\/users\/1"}],"replies":[{"embeddable":true,"href":"http:\/\/kamacilar.com\/index.php\/wp-json\/wp\/v2\/comments?post=226"}],"version-history":[{"count":0,"href":"http:\/\/kamacilar.com\/index.php\/wp-json\/wp\/v2\/pages\/226\/revisions"}],"wp:attachment":[{"href":"http:\/\/kamacilar.com\/index.php\/wp-json\/wp\/v2\/media?parent=226"}],"curies":[{"name":"wp","href":"https:\/\/api.w.org\/{rel}","templated":true}]}}