{"id":38,"date":"2022-04-06T08:46:53","date_gmt":"2022-04-06T08:46:53","guid":{"rendered":"http:\/\/www.kamacilar.com\/?page_id=38"},"modified":"2022-04-28T06:50:48","modified_gmt":"2022-04-28T06:50:48","slug":"kamacilar","status":"publish","type":"page","link":"http:\/\/kamacilar.com\/","title":{"rendered":""},"content":{"rendered":"<div id=\"pl-38\"  class=\"panel-layout\" ><div id=\"pg-38-0\"  class=\"panel-grid panel-has-style\" ><div style=\"padding: 100px 0; \" class=\"panel-row-style panel-row-style-for-38-0\" ><div id=\"pgc-38-0-0\"  class=\"panel-grid-cell\" ><div id=\"panel-38-0-0-0\" class=\"so-panel widget widget_text panel-first-child panel-last-child\" data-index=\"0\" >\t\t\t<div class=\"textwidget\"><h3><b><span style=\"color: #ff9900;\">Pileli<\/span> Sineklik<\/b><\/h3>\n<hr \/>\n<p><img loading=\"lazy\" decoding=\"async\" class=\"aligncenter wp-image-127 size-medium\" src=\"https:\/\/i0.wp.com\/kamacilar.com\/wp-content\/uploads\/2022\/04\/52840-Gold-Seri-icten-Gergi.webp?resize=300%2C300\" alt=\"Pileli Sineklik\" width=\"300\" height=\"300\" data-recalc-dims=\"1\" srcset=\"https:\/\/i0.wp.com\/kamacilar.com\/wp-content\/uploads\/2022\/04\/52840-Gold-Seri-icten-Gergi.webp?w=1000 1000w, https:\/\/i0.wp.com\/kamacilar.com\/wp-content\/uploads\/2022\/04\/52840-Gold-Seri-icten-Gergi.webp?resize=300%2C300 300w, https:\/\/i0.wp.com\/kamacilar.com\/wp-content\/uploads\/2022\/04\/52840-Gold-Seri-icten-Gergi.webp?resize=150%2C150 150w, https:\/\/i0.wp.com\/kamacilar.com\/wp-content\/uploads\/2022\/04\/52840-Gold-Seri-icten-Gergi.webp?resize=768%2C768 768w, https:\/\/i0.wp.com\/kamacilar.com\/wp-content\/uploads\/2022\/04\/52840-Gold-Seri-icten-Gergi.webp?resize=700%2C700 700w, https:\/\/i0.wp.com\/kamacilar.com\/wp-content\/uploads\/2022\/04\/52840-Gold-Seri-icten-Gergi.webp?resize=410%2C410 410w, https:\/\/i0.wp.com\/kamacilar.com\/wp-content\/uploads\/2022\/04\/52840-Gold-Seri-icten-Gergi.webp?resize=100%2C100 100w, https:\/\/i0.wp.com\/kamacilar.com\/wp-content\/uploads\/2022\/04\/52840-Gold-Seri-icten-Gergi.webp?resize=275%2C275 275w\" sizes=\"auto, (max-width: 300px) 100vw, 300px\" \/><br \/>\nA\u00e7\u0131l\u0131p kapanamayan sabit sinekliklerin olu\u015fturdu\u011fu k\u0131s\u0131tlamalar bu sistem sayesinde ortadan kalkm\u0131\u015ft\u0131r. <strong>Kullan\u0131m kolayl\u0131\u011f\u0131<\/strong> ,<strong>az bak\u0131m<\/strong>, <strong>estetik \u00f6zellikler<\/strong> ve <strong>montaj kolayl\u0131\u011f\u0131<\/strong> nedeniyle son y\u0131llarda t\u00fcketicilerin \u00e7ok tercih etti\u011fi sineklik modelidir. <a href=\"http:\/\/kamacilar.com\/index.php\/plise-sineklik\/\">Devam\u0131&#8230;<\/a><\/p>\n<\/div>\n\t\t<\/div><\/div><div id=\"pgc-38-0-1\"  class=\"panel-grid-cell\" ><div id=\"panel-38-0-1-0\" class=\"so-panel widget widget_text panel-first-child panel-last-child\" data-index=\"1\" >\t\t\t<div class=\"textwidget\"><h3><b><span style=\"color: #ff9900;\">\u0130\u00e7ten Montaj<\/span> Sineklik<\/b><\/h3>\n<hr \/>\n<p><img loading=\"lazy\" decoding=\"async\" class=\"aligncenter wp-image-124 size-medium\" src=\"https:\/\/i0.wp.com\/kamacilar.com\/wp-content\/uploads\/2022\/04\/75118-icten-Montajli-Pileli-Sineklik.webp?resize=300%2C300\" alt=\"\u0130\u00e7ten Montaj Sineklik\" width=\"300\" height=\"300\" data-recalc-dims=\"1\" srcset=\"https:\/\/i0.wp.com\/kamacilar.com\/wp-content\/uploads\/2022\/04\/75118-icten-Montajli-Pileli-Sineklik.webp?w=800 800w, https:\/\/i0.wp.com\/kamacilar.com\/wp-content\/uploads\/2022\/04\/75118-icten-Montajli-Pileli-Sineklik.webp?resize=300%2C300 300w, https:\/\/i0.wp.com\/kamacilar.com\/wp-content\/uploads\/2022\/04\/75118-icten-Montajli-Pileli-Sineklik.webp?resize=150%2C150 150w, https:\/\/i0.wp.com\/kamacilar.com\/wp-content\/uploads\/2022\/04\/75118-icten-Montajli-Pileli-Sineklik.webp?resize=768%2C768 768w, https:\/\/i0.wp.com\/kamacilar.com\/wp-content\/uploads\/2022\/04\/75118-icten-Montajli-Pileli-Sineklik.webp?resize=700%2C700 700w, https:\/\/i0.wp.com\/kamacilar.com\/wp-content\/uploads\/2022\/04\/75118-icten-Montajli-Pileli-Sineklik.webp?resize=410%2C410 410w, https:\/\/i0.wp.com\/kamacilar.com\/wp-content\/uploads\/2022\/04\/75118-icten-Montajli-Pileli-Sineklik.webp?resize=100%2C100 100w, https:\/\/i0.wp.com\/kamacilar.com\/wp-content\/uploads\/2022\/04\/75118-icten-Montajli-Pileli-Sineklik.webp?resize=275%2C275 275w\" sizes=\"auto, (max-width: 300px) 100vw, 300px\" \/><br \/>\nPencere \u00f6n\u00fcnde <strong>engel<\/strong> olan yerlerde (korkuluk, panjur, \u00e7i\u00e7eklik, vb.), <strong>y\u00fcksek katlarda<\/strong> sinekli\u011fin d\u0131\u015far\u0131 a\u00e7\u0131lmas\u0131n\u0131 istemedi\u011finiz durumlarda, montaj i\u00e7in pencere kasas\u0131na herhangi bir <strong>vida at\u0131lmas\u0131n\u0131 istemedi\u011finiz<\/strong> durumlarda kullan\u0131l\u0131r. <a href=\"http:\/\/kamacilar.com\/index.php\/icten-montajli-pileli-sineklik\/\">Devam\u0131&#8230;<\/a><\/p>\n<\/div>\n\t\t<\/div><\/div><\/div><\/div><div id=\"pg-38-1\"  class=\"panel-grid panel-has-style\" ><div style=\"padding: 100px 0; \" class=\"panel-row-style panel-row-style-for-38-1\" ><div id=\"pgc-38-1-0\"  class=\"panel-grid-cell\" ><div id=\"panel-38-1-0-0\" class=\"so-panel widget widget_text panel-first-child panel-last-child\" data-index=\"2\" >\t\t\t<div class=\"textwidget\"><h3><b><span style=\"color: #ff9900;\">Store<\/span> Sineklik<\/b><\/h3>\n<hr \/>\n<p><img loading=\"lazy\" decoding=\"async\" class=\"aligncenter wp-image-110 size-medium\" src=\"https:\/\/i0.wp.com\/kamacilar.com\/wp-content\/uploads\/2022\/04\/14435-STR-03-04_Store-Kaset-sineklik.webp?resize=300%2C300\" alt=\"Store Sineklik\" width=\"300\" height=\"300\" data-recalc-dims=\"1\" srcset=\"https:\/\/i0.wp.com\/kamacilar.com\/wp-content\/uploads\/2022\/04\/14435-STR-03-04_Store-Kaset-sineklik.webp?resize=150%2C150 150w, https:\/\/i0.wp.com\/kamacilar.com\/wp-content\/uploads\/2022\/04\/14435-STR-03-04_Store-Kaset-sineklik.webp?zoom=2&amp;resize=300%2C300 600w, https:\/\/i0.wp.com\/kamacilar.com\/wp-content\/uploads\/2022\/04\/14435-STR-03-04_Store-Kaset-sineklik.webp?zoom=3&amp;resize=300%2C300 900w\" sizes=\"auto, (max-width: 300px) 100vw, 300px\" \/><br \/>\nA\u00e7\u0131lan kap\u0131n\u0131n yan\u0131nda <strong>sabit panele<\/strong> sahip kap\u0131 modelleri i\u00e7in idealdir. Verandalar\u0131n a\u00e7\u0131k alanlar\u0131n\u0131 \u00e7epe\u00e7evre kapatarak konforlu bir kullan\u0131m sa\u011flar. Ayr\u0131ca <strong>katlan\u0131r cam balkon<\/strong> sistemlerinde uygulanabilmektedir. \u00c7er\u00e7eveli sineklik paneli alt ve \u00fcst raylarda \u00e7al\u0131\u015fmaktad\u0131r. <a href=\"http:\/\/kamacilar.com\/index.php\/store-sineklik-sistemleri\/\">Devam\u0131&#8230;<\/a><\/p>\n<\/div>\n\t\t<\/div><\/div><div id=\"pgc-38-1-1\"  class=\"panel-grid-cell\" ><div id=\"panel-38-1-1-0\" class=\"so-panel widget widget_text panel-first-child panel-last-child\" data-index=\"3\" >\t\t\t<div class=\"textwidget\"><h3><b><span style=\"color: #ff9900;\">S\u00fcrme<\/span> Sineklik<\/b><\/h3>\n<hr \/>\n<p><img loading=\"lazy\" decoding=\"async\" class=\"aligncenter wp-image-965 size-full\" src=\"https:\/\/i0.wp.com\/kamacilar.com\/wp-content\/uploads\/2022\/04\/Image-29-1.png?resize=300%2C300\" alt=\"sineklik\" width=\"300\" height=\"300\" data-recalc-dims=\"1\" srcset=\"https:\/\/i0.wp.com\/kamacilar.com\/wp-content\/uploads\/2022\/04\/Image-29-1.png?w=300 300w, https:\/\/i0.wp.com\/kamacilar.com\/wp-content\/uploads\/2022\/04\/Image-29-1.png?resize=150%2C150 150w, https:\/\/i0.wp.com\/kamacilar.com\/wp-content\/uploads\/2022\/04\/Image-29-1.png?resize=100%2C100 100w, https:\/\/i0.wp.com\/kamacilar.com\/wp-content\/uploads\/2022\/04\/Image-29-1.png?resize=275%2C275 275w\" sizes=\"auto, (max-width: 300px) 100vw, 300px\" \/><br \/>\n<strong>S\u00fcrme Sineklik<\/strong>, a\u00e7\u0131lan kap\u0131n\u0131n yan\u0131nda <strong>sabit panele<\/strong> sahip kap\u0131 modelleri i\u00e7in idealdir. Verandalar\u0131n a\u00e7\u0131k alanlar\u0131n\u0131 \u00e7epe\u00e7evre kapatarak konforlu bir kullan\u0131m sa\u011flar. Ayr\u0131ca <strong>katlan\u0131r cam balkon<\/strong> sistemlerinde uygulanabilmektedir.<a href=\"http:\/\/kamacilar.com\/index.php\/platin-surme-sineklik\/\">Platin Seri<\/a> ve\u00a0<a href=\"http:\/\/kamacilar.com\/index.php\/aykim-surme-sineklik\/\">Aykim s\u00fcrme sineklik<\/a> hakk\u0131nda daha fazla bilgi almak i\u00e7in t\u0131klay\u0131n\u0131z.<\/p>\n<\/div>\n\t\t<\/div><\/div><\/div><\/div><div id=\"pg-38-2\"  class=\"panel-grid panel-has-style\" ><div class=\"no-col-padding panel-row-style panel-row-style-for-38-2\" style=\"border-bottom: 1px solid #000000;padding: 5px 0; \" ><div id=\"pgc-38-2-0\"  class=\"panel-grid-cell\" ><div class=\"panel-cell-style panel-cell-style-for-38-2-0\" ><div id=\"panel-38-2-0-0\" class=\"so-panel widget widget_text panel-first-child panel-last-child\" data-index=\"4\" >\t\t\t<div class=\"textwidget\"><h3><b><span style=\"color: #ff9900;\">Plise<\/span> Perde<\/b><\/h3>\n<\/div>\n\t\t<\/div><\/div><\/div><\/div><\/div><div id=\"pg-38-3\"  class=\"panel-grid panel-has-style\" ><div style=\"padding: 100px 0; \" class=\"panel-row-style panel-row-style-for-38-3\" ><div id=\"pgc-38-3-0\"  class=\"panel-grid-cell\" ><div id=\"panel-38-3-0-0\" class=\"so-panel widget widget_text panel-first-child panel-last-child\" data-index=\"5\" >\t\t\t<div class=\"textwidget\"><p><strong>Plise<\/strong>, kullan\u0131c\u0131lar\u0131na rahatl\u0131k, estetik ve kalite sunan bir \u2018 \u00e7\u00f6z\u00fcm perdesi \u2019dir. Al\u0131\u015fm\u0131\u015f oldu\u011fumuz perde sistemlerinden farkl\u0131 olarak ya\u015fam alanlar\u0131n\u0131zda \u0131s\u0131, \u0131\u015f\u0131k ve ses kontrol\u00fc sa\u011flar.<\/p>\n<p><strong>Plise perdeler<\/strong> ev, ofis, k\u0131\u015f bah\u00e7esi, cam balkon, otomobil ve teknelerinizde rahatl\u0131kla kullan\u0131labilir.<\/p>\n<p>\u00dcr\u00fcnlerimiz <strong>1. kalite kuma\u015flardan<\/strong> \u00fcretilir ve her biri <strong>y\u0131kanabilir<\/strong>. Kolay kullan\u0131ml\u0131 mekanizmalar\u0131yla evinizin konforunu sa\u011fl\u0131kl\u0131 bir \u015fekilde s\u00fcrd\u00fcrebilmenize olanak sa\u011flar. <a href=\"http:\/\/kamacilar.com\/index.php\/plicell-perde\/\">Devam\u0131&#8230;<\/a><\/p>\n<\/div>\n\t\t<\/div><\/div><div id=\"pgc-38-3-1\"  class=\"panel-grid-cell\" ><div id=\"panel-38-3-1-0\" class=\"so-panel widget widget_media_image panel-first-child panel-last-child\" data-index=\"6\" ><img loading=\"lazy\" decoding=\"async\" width=\"500\" height=\"323\" src=\"https:\/\/i0.wp.com\/kamacilar.com\/wp-content\/uploads\/2022\/04\/plicell_perde_155784254.jpeg?fit=500%2C323\" class=\"image wp-image-133  attachment-500x323 size-500x323\" alt=\"Plicell Perde\" style=\"max-width: 100%; height: auto;\" srcset=\"https:\/\/i0.wp.com\/kamacilar.com\/wp-content\/uploads\/2022\/04\/plicell_perde_155784254.jpeg?w=800 800w, https:\/\/i0.wp.com\/kamacilar.com\/wp-content\/uploads\/2022\/04\/plicell_perde_155784254.jpeg?resize=300%2C194 300w, https:\/\/i0.wp.com\/kamacilar.com\/wp-content\/uploads\/2022\/04\/plicell_perde_155784254.jpeg?resize=768%2C496 768w, https:\/\/i0.wp.com\/kamacilar.com\/wp-content\/uploads\/2022\/04\/plicell_perde_155784254.jpeg?resize=700%2C452 700w, https:\/\/i0.wp.com\/kamacilar.com\/wp-content\/uploads\/2022\/04\/plicell_perde_155784254.jpeg?resize=410%2C265 410w, https:\/\/i0.wp.com\/kamacilar.com\/wp-content\/uploads\/2022\/04\/plicell_perde_155784254.jpeg?resize=100%2C65 100w, https:\/\/i0.wp.com\/kamacilar.com\/wp-content\/uploads\/2022\/04\/plicell_perde_155784254.jpeg?resize=275%2C178 275w\" sizes=\"auto, (max-width: 500px) 100vw, 500px\" \/><\/div><\/div><\/div><\/div><div id=\"pg-38-4\"  class=\"panel-grid panel-has-style\" ><div class=\"no-col-padding panel-row-style panel-row-style-for-38-4\" style=\"border-bottom: 1px solid #000000;padding: 5px 0; \" ><div id=\"pgc-38-4-0\"  class=\"panel-grid-cell\" ><div class=\"panel-cell-style panel-cell-style-for-38-4-0\" ><div id=\"panel-38-4-0-0\" class=\"so-panel widget widget_text panel-first-child panel-last-child\" data-index=\"7\" >\t\t\t<div class=\"textwidget\"><h3><b>Tek Caml\u0131 Kayar Katlan\u0131r Cambalkon &#8211; <span style=\"color: #ff9900;\">Tiara 08<\/span><\/b><\/h3>\n<\/div>\n\t\t<\/div><\/div><\/div><\/div><\/div><div id=\"pg-38-5\"  class=\"panel-grid panel-has-style\" ><div style=\"padding: 100px 0; \" class=\"panel-row-style panel-row-style-for-38-5\" ><div id=\"pgc-38-5-0\"  class=\"panel-grid-cell\" ><div id=\"panel-38-5-0-0\" class=\"so-panel widget widget_text panel-first-child panel-last-child\" data-index=\"8\" >\t\t\t<div class=\"textwidget\"><p>Yeni nesil cam sistemi <strong>Tiara<\/strong>, ile birlikte balkonunuzu evinizin kullan\u0131\u015fl\u0131 bir odas\u0131 haline getirebilirsiniz.<br \/>\nBu sistem <strong>uzun y\u0131llar<\/strong> teknik servise ihtiya\u00e7 duymadan kullan\u0131lmak \u00fczere geli\u015ftirilmi\u015ftir.<br \/>\nAl\u0131\u015fveri\u015f merkezlerinde, restaurantlarda, kafe ve ofislerde a\u00e7\u0131ld\u0131\u011f\u0131nda ihtiya\u00e7 duydu\u011funuz alanlar i\u00e7in esnek \u00e7\u00f6z\u00fcmler sundu\u011fu gibi kapand\u0131\u011f\u0131nda da <strong>g\u00fcvenli ve g\u00f6r\u00fcn\u00fcr<\/strong> hale getirmektedir.<br \/>\n<strong>Tiara<\/strong> ile yeni ya\u015fam alan\u0131n\u0131z\u0131n keyfine var\u0131n.<br \/>\nMaksimum geni\u015fli\u011fe kadar kanat yap\u0131s\u0131na izin veren bu sistem, e\u015fsiz bir <strong>panoramik<\/strong> g\u00f6r\u00fcnt\u00fc imkan\u0131 sunuyor.<a href=\"http:\/\/kamacilar.com\/index.php\/kamacilar-albert-genau-tekcamli-katlanir-cambalkon-tiara08\/\">Devam\u0131&#8230;<\/a><\/p>\n<\/div>\n\t\t<\/div><\/div><div id=\"pgc-38-5-1\"  class=\"panel-grid-cell\" ><div id=\"panel-38-5-1-0\" class=\"so-panel widget widget_media_image panel-first-child panel-last-child\" data-index=\"9\" ><img loading=\"lazy\" decoding=\"async\" width=\"500\" height=\"250\" src=\"https:\/\/i0.wp.com\/kamacilar.com\/wp-content\/uploads\/2022\/04\/Tiara-Cam-Balkon46763164.jpg?fit=500%2C250\" class=\"image wp-image-135  attachment-500x250 size-500x250\" alt=\"Tek Caml\u0131 Kayar Katlan\u0131r Cambalkon - Tiara 08\" style=\"max-width: 100%; height: auto;\" srcset=\"https:\/\/i0.wp.com\/kamacilar.com\/wp-content\/uploads\/2022\/04\/Tiara-Cam-Balkon46763164.jpg?w=600 600w, https:\/\/i0.wp.com\/kamacilar.com\/wp-content\/uploads\/2022\/04\/Tiara-Cam-Balkon46763164.jpg?resize=300%2C150 300w, https:\/\/i0.wp.com\/kamacilar.com\/wp-content\/uploads\/2022\/04\/Tiara-Cam-Balkon46763164.jpg?resize=410%2C205 410w, https:\/\/i0.wp.com\/kamacilar.com\/wp-content\/uploads\/2022\/04\/Tiara-Cam-Balkon46763164.jpg?resize=100%2C50 100w, https:\/\/i0.wp.com\/kamacilar.com\/wp-content\/uploads\/2022\/04\/Tiara-Cam-Balkon46763164.jpg?resize=275%2C138 275w\" sizes=\"auto, (max-width: 500px) 100vw, 500px\" \/><\/div><\/div><\/div><\/div><\/div>","protected":false},"excerpt":{"rendered":"<p>Pileli Sineklik A\u00e7\u0131l\u0131p kapanamayan sabit sinekliklerin olu\u015fturdu\u011fu k\u0131s\u0131tlamalar bu sistem sayesinde ortadan kalkm\u0131\u015ft\u0131r. Kullan\u0131m kolayl\u0131\u011f\u0131 ,az bak\u0131m, estetik \u00f6zellikler ve montaj kolayl\u0131\u011f\u0131 nedeniyle son y\u0131llarda t\u00fcketicilerin \u00e7ok tercih etti\u011fi sineklik modelidir. Devam\u0131&#8230; \u0130\u00e7ten Montaj Sineklik Pencere \u00f6n\u00fcnde engel olan yerlerde (korkuluk, panjur, \u00e7i\u00e7eklik, vb.), y\u00fcksek katlarda sinekli\u011fin d\u0131\u015far\u0131 a\u00e7\u0131lmas\u0131n\u0131 istemedi\u011finiz durumlarda, montaj i\u00e7in pencere kasas\u0131na [&hellip;]<\/p>\n","protected":false},"author":1,"featured_media":0,"parent":0,"menu_order":0,"comment_status":"closed","ping_status":"closed","template":"page-templates\/page_fullwidth.php","meta":{"footnotes":""},"class_list":["post-38","page","type-page","status-publish","hentry"],"yoast_head":"<!-- This site is optimized with the Yoast SEO plugin v19.14 - https:\/\/yoast.com\/wordpress\/plugins\/seo\/ -->\n<title>Kamac\u0131lar - Pileli Sineklik,Plise Perde<\/title>\n<meta name=\"description\" content=\"Kamac\u0131lar - Pileli Sineklik, Plise Perde. Sineklik t\u00fcrleri ve sineklik fiyatlar\u0131. Veysel Karani Mah, \u0130n\u00f6n\u00fc Cad. No:288\/A Osmangazi\/Bursa\" \/>\n<meta name=\"robots\" content=\"index, follow, max-snippet:-1, max-image-preview:large, max-video-preview:-1\" \/>\n<link rel=\"canonical\" href=\"http:\/\/kamacilar.com\/\" \/>\n<meta property=\"og:locale\" content=\"tr_TR\" \/>\n<meta property=\"og:type\" content=\"article\" \/>\n<meta property=\"og:title\" content=\"Kamac\u0131lar - Pileli Sineklik,Plise Perde\" \/>\n<meta property=\"og:description\" content=\"Kamac\u0131lar - Pileli Sineklik, Plise Perde. Sineklik t\u00fcrleri ve sineklik fiyatlar\u0131. Veysel Karani Mah, \u0130n\u00f6n\u00fc Cad. No:288\/A Osmangazi\/Bursa\" \/>\n<meta property=\"og:url\" content=\"http:\/\/kamacilar.com\/\" \/>\n<meta property=\"og:site_name\" content=\"Kamac\u0131lar\" \/>\n<meta property=\"article:publisher\" content=\"https:\/\/www.facebook.com\/kamacilarplise\" \/>\n<meta property=\"article:modified_time\" content=\"2022-04-28T06:50:48+00:00\" \/>\n<meta property=\"og:image\" content=\"https:\/\/i0.wp.com\/www.kamacilar.com\/wp-content\/uploads\/2022\/04\/52840-Gold-Seri-icten-Gergi.webp?resize=300%2C300\" \/>\n<meta name=\"twitter:card\" content=\"summary_large_image\" \/>\n<meta name=\"twitter:site\" content=\"@kamacilarplise\" \/>\n<meta name=\"twitter:label1\" content=\"Tahmini okuma s\u00fcresi\" \/>\n\t<meta name=\"twitter:data1\" content=\"4 dakika\" \/>\n<script type=\"application\/ld+json\" class=\"yoast-schema-graph\">{\"@context\":\"https:\/\/schema.org\",\"@graph\":[{\"@type\":\"WebPage\",\"@id\":\"http:\/\/kamacilar.com\/\",\"url\":\"http:\/\/kamacilar.com\/\",\"name\":\"Kamac\u0131lar - Pileli Sineklik,Plise Perde\",\"isPartOf\":{\"@id\":\"http:\/\/kamacilar.com\/#website\"},\"datePublished\":\"2022-04-06T08:46:53+00:00\",\"dateModified\":\"2022-04-28T06:50:48+00:00\",\"description\":\"Kamac\u0131lar - Pileli Sineklik, Plise Perde. Sineklik t\u00fcrleri ve sineklik fiyatlar\u0131. Veysel Karani Mah, \u0130n\u00f6n\u00fc Cad. No:288\/A Osmangazi\/Bursa\",\"inLanguage\":\"tr\",\"potentialAction\":[{\"@type\":\"ReadAction\",\"target\":[\"http:\/\/kamacilar.com\/\"]}]},{\"@type\":\"WebSite\",\"@id\":\"http:\/\/kamacilar.com\/#website\",\"url\":\"http:\/\/kamacilar.com\/\",\"name\":\"Kamac\u0131lar\",\"description\":\"Plise Sineklik - Plicell Perde - Cam Balkon\",\"publisher\":{\"@id\":\"http:\/\/kamacilar.com\/#organization\"},\"potentialAction\":[{\"@type\":\"SearchAction\",\"target\":{\"@type\":\"EntryPoint\",\"urlTemplate\":\"http:\/\/kamacilar.com\/?s={search_term_string}\"},\"query-input\":\"required name=search_term_string\"}],\"inLanguage\":\"tr\"},{\"@type\":\"Organization\",\"@id\":\"http:\/\/kamacilar.com\/#organization\",\"name\":\"Kamac\u0131lar Pileli Sineklik&Plise Perde\",\"url\":\"http:\/\/kamacilar.com\/\",\"logo\":{\"@type\":\"ImageObject\",\"inLanguage\":\"tr\",\"@id\":\"http:\/\/kamacilar.com\/#\/schema\/logo\/image\/\",\"url\":\"https:\/\/i0.wp.com\/www.kamacilar.com\/wp-content\/uploads\/2022\/04\/kamaciLogo.png?fit=7519%2C1278\",\"contentUrl\":\"https:\/\/i0.wp.com\/www.kamacilar.com\/wp-content\/uploads\/2022\/04\/kamaciLogo.png?fit=7519%2C1278\",\"width\":7519,\"height\":1278,\"caption\":\"Kamac\u0131lar Pileli Sineklik&Plise Perde\"},\"image\":{\"@id\":\"http:\/\/kamacilar.com\/#\/schema\/logo\/image\/\"},\"sameAs\":[\"https:\/\/www.instagram.com\/kamacilarplise\",\"https:\/\/www.facebook.com\/kamacilarplise\",\"https:\/\/twitter.com\/kamacilarplise\"]}]}<\/script>\n<!-- \/ Yoast SEO plugin. -->","yoast_head_json":{"title":"Kamac\u0131lar - Pileli Sineklik,Plise Perde","description":"Kamac\u0131lar - Pileli Sineklik, Plise Perde. Sineklik t\u00fcrleri ve sineklik fiyatlar\u0131. Veysel Karani Mah, \u0130n\u00f6n\u00fc Cad. No:288\/A Osmangazi\/Bursa","robots":{"index":"index","follow":"follow","max-snippet":"max-snippet:-1","max-image-preview":"max-image-preview:large","max-video-preview":"max-video-preview:-1"},"canonical":"http:\/\/kamacilar.com\/","og_locale":"tr_TR","og_type":"article","og_title":"Kamac\u0131lar - Pileli Sineklik,Plise Perde","og_description":"Kamac\u0131lar - Pileli Sineklik, Plise Perde. Sineklik t\u00fcrleri ve sineklik fiyatlar\u0131. Veysel Karani Mah, \u0130n\u00f6n\u00fc Cad. No:288\/A Osmangazi\/Bursa","og_url":"http:\/\/kamacilar.com\/","og_site_name":"Kamac\u0131lar","article_publisher":"https:\/\/www.facebook.com\/kamacilarplise","article_modified_time":"2022-04-28T06:50:48+00:00","og_image":[{"url":"https:\/\/i0.wp.com\/www.kamacilar.com\/wp-content\/uploads\/2022\/04\/52840-Gold-Seri-icten-Gergi.webp?resize=300%2C300"}],"twitter_card":"summary_large_image","twitter_site":"@kamacilarplise","twitter_misc":{"Tahmini okuma s\u00fcresi":"4 dakika"},"schema":{"@context":"https:\/\/schema.org","@graph":[{"@type":"WebPage","@id":"http:\/\/kamacilar.com\/","url":"http:\/\/kamacilar.com\/","name":"Kamac\u0131lar - Pileli Sineklik,Plise Perde","isPartOf":{"@id":"http:\/\/kamacilar.com\/#website"},"datePublished":"2022-04-06T08:46:53+00:00","dateModified":"2022-04-28T06:50:48+00:00","description":"Kamac\u0131lar - Pileli Sineklik, Plise Perde. Sineklik t\u00fcrleri ve sineklik fiyatlar\u0131. Veysel Karani Mah, \u0130n\u00f6n\u00fc Cad. No:288\/A Osmangazi\/Bursa","inLanguage":"tr","potentialAction":[{"@type":"ReadAction","target":["http:\/\/kamacilar.com\/"]}]},{"@type":"WebSite","@id":"http:\/\/kamacilar.com\/#website","url":"http:\/\/kamacilar.com\/","name":"Kamac\u0131lar","description":"Plise Sineklik - Plicell Perde - Cam Balkon","publisher":{"@id":"http:\/\/kamacilar.com\/#organization"},"potentialAction":[{"@type":"SearchAction","target":{"@type":"EntryPoint","urlTemplate":"http:\/\/kamacilar.com\/?s={search_term_string}"},"query-input":"required name=search_term_string"}],"inLanguage":"tr"},{"@type":"Organization","@id":"http:\/\/kamacilar.com\/#organization","name":"Kamac\u0131lar Pileli Sineklik&Plise Perde","url":"http:\/\/kamacilar.com\/","logo":{"@type":"ImageObject","inLanguage":"tr","@id":"http:\/\/kamacilar.com\/#\/schema\/logo\/image\/","url":"https:\/\/i0.wp.com\/www.kamacilar.com\/wp-content\/uploads\/2022\/04\/kamaciLogo.png?fit=7519%2C1278","contentUrl":"https:\/\/i0.wp.com\/www.kamacilar.com\/wp-content\/uploads\/2022\/04\/kamaciLogo.png?fit=7519%2C1278","width":7519,"height":1278,"caption":"Kamac\u0131lar Pileli Sineklik&Plise Perde"},"image":{"@id":"http:\/\/kamacilar.com\/#\/schema\/logo\/image\/"},"sameAs":["https:\/\/www.instagram.com\/kamacilarplise","https:\/\/www.facebook.com\/kamacilarplise","https:\/\/twitter.com\/kamacilarplise"]}]}},"_links":{"self":[{"href":"http:\/\/kamacilar.com\/index.php\/wp-json\/wp\/v2\/pages\/38","targetHints":{"allow":["GET"]}}],"collection":[{"href":"http:\/\/kamacilar.com\/index.php\/wp-json\/wp\/v2\/pages"}],"about":[{"href":"http:\/\/kamacilar.com\/index.php\/wp-json\/wp\/v2\/types\/page"}],"author":[{"embeddable":true,"href":"http:\/\/kamacilar.com\/index.php\/wp-json\/wp\/v2\/users\/1"}],"replies":[{"embeddable":true,"href":"http:\/\/kamacilar.com\/index.php\/wp-json\/wp\/v2\/comments?post=38"}],"version-history":[{"count":0,"href":"http:\/\/kamacilar.com\/index.php\/wp-json\/wp\/v2\/pages\/38\/revisions"}],"wp:attachment":[{"href":"http:\/\/kamacilar.com\/index.php\/wp-json\/wp\/v2\/media?parent=38"}],"curies":[{"name":"wp","href":"https:\/\/api.w.org\/{rel}","templated":true}]}}